{"id":1557,"date":"2018-05-25T14:39:26","date_gmt":"2018-05-25T11:39:26","guid":{"rendered":"http:\/\/salmonfarm.fi\/tuotteet"},"modified":"2018-08-15T11:16:13","modified_gmt":"2018-08-15T08:16:13","slug":"produkter","status":"publish","type":"page","link":"https:\/\/salmonfarm.fi\/sv\/produkter","title":{"rendered":"Produkter"},"content":{"rendered":"[vc_row type=&#8221;full_width_background&#8221; full_screen_row_position=&#8221;middle&#8221; bg_image=&#8221;1132&#8243; bg_position=&#8221;center center&#8221; bg_repeat=&#8221;no-repeat&#8221; scene_position=&#8221;center&#8221; text_color=&#8221;light&#8221; text_align=&#8221;left&#8221; top_padding=&#8221;4%&#8221; bottom_padding=&#8221;4%&#8221; overlay_strength=&#8221;0.3&#8243; shape_divider_position=&#8221;bottom&#8221; shape_type=&#8221;&#8221;][vc_column column_padding=&#8221;no-extra-padding&#8221; column_padding_position=&#8221;all&#8221; background_color_opacity=&#8221;1&#8243; background_hover_color_opacity=&#8221;1&#8243; column_shadow=&#8221;none&#8221; column_border_radius=&#8221;none&#8221; width=&#8221;1\/1&#8243; tablet_text_alignment=&#8221;default&#8221; phone_text_alignment=&#8221;default&#8221; column_border_width=&#8221;none&#8221; column_border_style=&#8221;solid&#8221;][vc_row_inner equal_height=&#8221;yes&#8221; content_placement=&#8221;middle&#8221; column_margin=&#8221;default&#8221; text_align=&#8221;left&#8221;][vc_column_inner enable_animation=&#8221;true&#8221; animation=&#8221;reveal-from-bottom&#8221; column_padding=&#8221;no-extra-padding&#8221; column_padding_position=&#8221;all&#8221; background_color_opacity=&#8221;1&#8243; background_hover_color_opacity=&#8221;1&#8243; column_shadow=&#8221;none&#8221; column_border_radius=&#8221;none&#8221; width=&#8221;1\/2&#8243; column_border_width=&#8221;none&#8221; column_border_style=&#8221;solid&#8221;][vc_custom_heading text=&#8221;PRODUKTER&#8221; font_container=&#8221;tag:h2|font_size:25|text_align:left|color:%2393d6f6|line_height:30px&#8221; use_theme_fonts=&#8221;yes&#8221;][vc_column_text]\n<h3>St\u00f6rsta delen av v\u00e5ra produkter tillverkas av inhemsk odlad regnb\u00e5gslax, av vilken vi framst\u00e4ller produkter f\u00f6r stork\u00f6k och f\u00f6retag i horeca-branschen.<\/h3>\n[\/vc_column_text][\/vc_column_inner][vc_column_inner column_padding=&#8221;no-extra-padding&#8221; column_padding_position=&#8221;all&#8221; background_color_opacity=&#8221;1&#8243; background_hover_color_opacity=&#8221;1&#8243; column_shadow=&#8221;x_large_depth&#8221; column_border_radius=&#8221;3px&#8221; width=&#8221;1\/2&#8243; column_border_width=&#8221;none&#8221; column_border_style=&#8221;solid&#8221;][image_with_animation image_url=&#8221;1353&#8243; alignment=&#8221;&#8221; animation=&#8221;None&#8221; border_radius=&#8221;none&#8221; box_shadow=&#8221;none&#8221; max_width=&#8221;100%&#8221;][\/vc_column_inner][\/vc_row_inner][\/vc_column][\/vc_row][vc_row type=&#8221;in_container&#8221; full_screen_row_position=&#8221;middle&#8221; scene_position=&#8221;center&#8221; text_color=&#8221;dark&#8221; text_align=&#8221;left&#8221; top_padding=&#8221;2%&#8221; id=&#8221;kirjolohi&#8221; overlay_strength=&#8221;0.3&#8243; shape_divider_position=&#8221;bottom&#8221; shape_type=&#8221;&#8221;][vc_column column_padding=&#8221;no-extra-padding&#8221; column_padding_position=&#8221;all&#8221; background_color_opacity=&#8221;1&#8243; background_hover_color_opacity=&#8221;1&#8243; column_shadow=&#8221;none&#8221; column_border_radius=&#8221;none&#8221; width=&#8221;1\/1&#8243; tablet_text_alignment=&#8221;default&#8221; phone_text_alignment=&#8221;default&#8221; column_border_width=&#8221;none&#8221; column_border_style=&#8221;solid&#8221;][vc_row_inner equal_height=&#8221;yes&#8221; content_placement=&#8221;middle&#8221; column_margin=&#8221;default&#8221; text_align=&#8221;left&#8221;][vc_column_inner column_padding=&#8221;padding-5-percent&#8221; column_padding_position=&#8221;all&#8221; background_color=&#8221;#eaf7ff&#8221; background_color_opacity=&#8221;1&#8243; background_hover_color_opacity=&#8221;1&#8243; font_color=&#8221;#212a72&#8243; column_shadow=&#8221;none&#8221; column_border_radius=&#8221;none&#8221; width=&#8221;1\/2&#8243; column_border_width=&#8221;none&#8221; column_border_style=&#8221;solid&#8221;][vc_column_text]\n<h4>REGNB\u00c5GSLAX<\/h4>\n[divider line_type=&#8221;No Line&#8221; custom_height=&#8221;20&#8243;]\n<p>Regnb\u00e5gslaxen \u00e4r en mycket popul\u00e4r fisk p\u00e5 matbordet och den \u00f6verl\u00e4gset mest odlade fiskarten i Finland. Ungef\u00e4r 90 % av den odlade fisken i Finland utg\u00f6rs av regnb\u00e5gslax. St\u00f6rsta delen av den finl\u00e4ndska regnb\u00e5gslaxen odlas i Sk\u00e4rg\u00e5rdshavet, s\u00e5 ocks\u00e5 Salmonfarms regnb\u00e5gslax.<\/p>\n<p>H\u00e4lsosamheten kan p\u00e5verkas betydligt genom r\u00e4tt utfodring av fisken. All v\u00e5r regnb\u00e5gslax utfodras med inhemskt milj\u00f6v\u00e4nligt foder. De viktigaste r\u00e5varorna (fiskmj\u00f6l och -olja) kommer fr\u00e5n v\u00e5r egen fiskmj\u00f6lsfabrik. I odlingen av regnb\u00e5gslax har vi satsat p\u00e5 en fungerande och snabb leveranskedja. Fiskarna f\u00f6ds upp n\u00e4ra f\u00f6r\u00e4dlingsanl\u00e4ggningen, vilket g\u00f6r att vi kan s\u00e4kerst\u00e4lla en fungerande kylkedja och en slutprodukt av h\u00f6g kvalitet.<\/p>\n<p>Av regnb\u00e5gslax tillverkar vi bland annat varmr\u00f6kt, kallr\u00f6kt och gravad regnb\u00e5gslax, som \u00e4r mycket popul\u00e4ra p\u00e5 det finl\u00e4ndska festbordet. Rom av regnb\u00e5gslax \u00e4r en annan produkt med stor efterfr\u00e5gan. En betydande del av v\u00e5ra regnb\u00e5gslaxprodukter g\u00f6rs, enligt efterfr\u00e5gan och behov, som l\u00f6sfrysta f\u00f6r stork\u00f6k. En del av v\u00e5ra produkter s\u00e4ljs ocks\u00e5 f\u00e4rska.[\/vc_column_text][\/vc_column_inner][vc_column_inner column_padding=&#8221;padding-5-percent&#8221; column_padding_position=&#8221;all&#8221; centered_text=&#8221;true&#8221; background_color=&#8221;#eaf7ff&#8221; background_color_opacity=&#8221;1&#8243; background_hover_color_opacity=&#8221;1&#8243; font_color=&#8221;#212a72&#8243; column_shadow=&#8221;none&#8221; column_border_radius=&#8221;none&#8221; width=&#8221;1\/2&#8243; column_border_width=&#8221;none&#8221; column_border_style=&#8221;solid&#8221;][vc_gallery type=&#8221;nectarslider_style&#8221; images=&#8221;1373,1374,1377,1378&#8243; hide_arrow_navigation=&#8221;true&#8221; bullet_navigation=&#8221;true&#8221; bullet_navigation_style=&#8221;scale&#8221; onclick=&#8221;link_no&#8221; img_size=&#8221;450&#215;450&#8243;][\/vc_column_inner][\/vc_row_inner][vc_row_inner equal_height=&#8221;yes&#8221; content_placement=&#8221;middle&#8221; column_margin=&#8221;default&#8221; text_align=&#8221;left&#8221; el_id=&#8221;siika&#8221;][vc_column_inner column_padding=&#8221;padding-5-percent&#8221; column_padding_position=&#8221;all&#8221; centered_text=&#8221;true&#8221; background_color=&#8221;#eaf7ff&#8221; background_color_opacity=&#8221;1&#8243; background_hover_color_opacity=&#8221;1&#8243; font_color=&#8221;#212a72&#8243; column_shadow=&#8221;none&#8221; column_border_radius=&#8221;none&#8221; width=&#8221;1\/2&#8243; column_border_width=&#8221;none&#8221; column_border_style=&#8221;solid&#8221;][vc_gallery type=&#8221;nectarslider_style&#8221; images=&#8221;1381,1382&#8243; hide_arrow_navigation=&#8221;true&#8221; bullet_navigation=&#8221;true&#8221; bullet_navigation_style=&#8221;scale&#8221; onclick=&#8221;link_no&#8221; img_size=&#8221;450&#215;450&#8243;][\/vc_column_inner][vc_column_inner column_padding=&#8221;padding-5-percent&#8221; column_padding_position=&#8221;all&#8221; background_color=&#8221;#eaf7ff&#8221; background_color_opacity=&#8221;1&#8243; background_hover_color_opacity=&#8221;1&#8243; font_color=&#8221;#212a72&#8243; column_shadow=&#8221;none&#8221; column_border_radius=&#8221;none&#8221; width=&#8221;1\/2&#8243; column_border_width=&#8221;none&#8221; column_border_style=&#8221;solid&#8221;][vc_column_text]\n<h4>SIK<\/h4>\n[divider line_type=&#8221;No Line&#8221; custom_height=&#8221;20&#8243;]\n<p>Siken har blivit allt popul\u00e4rare p\u00e5 det finl\u00e4ndska mat- och festbordet. Sikodling har blivit allt vanligare och en betydande del av den finl\u00e4ndska siken \u00e4r odlad. I Finland har man odlat sik i \u00f6ver 20 \u00e5r. Salmonfarms sik odlas i Sk\u00e4rg\u00e5rdshavet. H\u00e4lsosamheten kan p\u00e5verkas betydligt genom r\u00e4tt utfodring av fisken. Vi utfodrar v\u00e5ra fiskar med inhemskt milj\u00f6v\u00e4nligt foder. De viktigaste r\u00e5varorna i fodret (fiskmj\u00f6l och -olja) kommer fr\u00e5n v\u00e5r egen fiskmj\u00f6lsfabrik.<\/p>\n<p>V\u00e5ra sikar s\u00e4ljs till stor del som hela eller fileade.[\/vc_column_text][\/vc_column_inner][\/vc_row_inner][vc_row_inner equal_height=&#8221;yes&#8221; content_placement=&#8221;middle&#8221; column_margin=&#8221;default&#8221; text_align=&#8221;left&#8221; el_id=&#8221;silakka&#8221;][vc_column_inner column_padding=&#8221;padding-5-percent&#8221; column_padding_position=&#8221;all&#8221; background_color=&#8221;#eaf7ff&#8221; background_color_opacity=&#8221;1&#8243; background_hover_color_opacity=&#8221;1&#8243; font_color=&#8221;#212a72&#8243; column_shadow=&#8221;none&#8221; column_border_radius=&#8221;none&#8221; width=&#8221;1\/2&#8243; column_border_width=&#8221;none&#8221; column_border_style=&#8221;solid&#8221;][vc_column_text]\n<h4>STR\u00d6MMING<\/h4>\n[divider line_type=&#8221;No Line&#8221; custom_height=&#8221;20&#8243;]\n<p>Str\u00f6mmingen \u00e4r en del av den finl\u00e4ndska mattraditionen och som matfisk \u00e4r den f\u00f6rm\u00e5nlig och n\u00e4ringsrik. N\u00e4ringsv\u00e4rdet i str\u00f6mming \u00e4r utm\u00e4rkt och den kan anv\u00e4nds m\u00e5ngsidigt. R\u00e4tt tillredd \u00e4r den en delikatess som hittas p\u00e5 m\u00e5nga av de finl\u00e4ndska matborden.<\/p>\n<p>Str\u00f6mmingen \u00e4r en vild fisk och Finlands viktigaste fisk, b\u00e5de i f\u00e5ngstm\u00e4ngd och -v\u00e4rde. F\u00f6r v\u00e5ra produkter inf\u00f6rskaffar vi str\u00f6mming av v\u00e5r samarbetspartner. Str\u00f6mmingen f\u00e5ngas p\u00e5 \u00d6stersj\u00f6omr\u00e5det (FAO 27.3d).[\/vc_column_text][\/vc_column_inner][vc_column_inner column_padding=&#8221;padding-5-percent&#8221; column_padding_position=&#8221;all&#8221; centered_text=&#8221;true&#8221; background_color=&#8221;#eaf7ff&#8221; background_color_opacity=&#8221;1&#8243; background_hover_color_opacity=&#8221;1&#8243; font_color=&#8221;#212a72&#8243; column_shadow=&#8221;none&#8221; column_border_radius=&#8221;none&#8221; width=&#8221;1\/2&#8243; column_border_width=&#8221;none&#8221; column_border_style=&#8221;solid&#8221;][vc_gallery type=&#8221;nectarslider_style&#8221; images=&#8221;1387,1479&#8243; hide_arrow_navigation=&#8221;true&#8221; bullet_navigation=&#8221;true&#8221; bullet_navigation_style=&#8221;scale&#8221; onclick=&#8221;link_no&#8221; img_size=&#8221;450&#215;450&#8243;][\/vc_column_inner][\/vc_row_inner][vc_row_inner equal_height=&#8221;yes&#8221; content_placement=&#8221;middle&#8221; column_margin=&#8221;default&#8221; text_align=&#8221;left&#8221; el_id=&#8221;muut-kalat&#8221;][vc_column_inner column_padding=&#8221;padding-5-percent&#8221; column_padding_position=&#8221;all&#8221; centered_text=&#8221;true&#8221; background_color=&#8221;#eaf7ff&#8221; background_color_opacity=&#8221;1&#8243; background_hover_color_opacity=&#8221;1&#8243; font_color=&#8221;#212a72&#8243; column_shadow=&#8221;none&#8221; column_border_radius=&#8221;none&#8221; width=&#8221;1\/2&#8243; column_border_width=&#8221;none&#8221; column_border_style=&#8221;solid&#8221;][vc_gallery type=&#8221;nectarslider_style&#8221; images=&#8221;1386,1384,1524,1523&#8243; hide_arrow_navigation=&#8221;true&#8221; bullet_navigation=&#8221;true&#8221; bullet_navigation_style=&#8221;scale&#8221; onclick=&#8221;link_no&#8221; img_size=&#8221;450&#215;450&#8243;][\/vc_column_inner][vc_column_inner column_padding=&#8221;padding-5-percent&#8221; column_padding_position=&#8221;all&#8221; background_color=&#8221;#eaf7ff&#8221; background_color_opacity=&#8221;1&#8243; background_hover_color_opacity=&#8221;1&#8243; font_color=&#8221;#212a72&#8243; column_shadow=&#8221;none&#8221; column_border_radius=&#8221;none&#8221; width=&#8221;1\/2&#8243; column_border_width=&#8221;none&#8221; column_border_style=&#8221;solid&#8221;][vc_column_text]\n<h4>\u00d6VRIG FISK<\/h4>\n[divider line_type=&#8221;No Line&#8221; custom_height=&#8221;20&#8243;]\n<p>Vi erbjuder \u00e4ven v\u00e5ra kunder fil\u00e9er av abborre, g\u00f6s och r\u00f6ding. Fiskarna kommer f\u00e5n \u00d6stersj\u00f6omr\u00e5det. Lika som med fisken fr\u00e5n v\u00e5r egen produktion, \u00e4r kvaliteten mycket viktig ocks\u00e5 vid inf\u00f6rskaffandet av vild fisk.<\/p>\n<p>V\u00e5rt m\u00e5l \u00e4r att kunna erbjuda inhemsk fisk i st\u00f6rsta m\u00f6jliga grad. Om det inte finns tillg\u00e5ng till inhemsk fisk prioriterar vi fisk fr\u00e5n n\u00e4romr\u00e5den.[\/vc_column_text][\/vc_column_inner][\/vc_row_inner][\/vc_column][\/vc_row]\n","protected":false},"excerpt":{"rendered":"<p>[vc_row type=&#8221;full_width_background&#8221; full_screen_row_position=&#8221;middle&#8221; bg_image=&#8221;1132&#8243; bg_position=&#8221;center center&#8221; bg_repeat=&#8221;no-repeat&#8221; scene_position=&#8221;center&#8221; text_color=&#8221;light&#8221; text_align=&#8221;left&#8221; top_padding=&#8221;4%&#8221; bottom_padding=&#8221;4%&#8221; overlay_strength=&#8221;0.3&#8243; shape_divider_position=&#8221;bottom&#8221; shape_type=&#8221;&#8221;][vc_column&#8230;<\/p>\n","protected":false},"author":3,"featured_media":0,"parent":0,"menu_order":0,"comment_status":"closed","ping_status":"closed","template":"","meta":{"footnotes":""},"class_list":["post-1557","page","type-page","status-publish"],"yoast_head":"<!-- This site is optimized with the Yoast SEO plugin v27.4 - https:\/\/yoast.com\/product\/yoast-seo-wordpress\/ -->\n<title>Produkter - Salmonfarm<\/title>\n<meta name=\"robots\" content=\"index, follow, max-snippet:-1, max-image-preview:large, max-video-preview:-1\" \/>\n<link rel=\"canonical\" href=\"https:\/\/salmonfarm.fi\/sv\/produkter\" \/>\n<meta property=\"og:locale\" content=\"sv_SE\" \/>\n<meta property=\"og:type\" content=\"article\" \/>\n<meta property=\"og:title\" content=\"Produkter - Salmonfarm\" \/>\n<meta property=\"og:description\" content=\"[vc_row type=&#8221;full_width_background&#8221; full_screen_row_position=&#8221;middle&#8221; bg_image=&#8221;1132&#8243; bg_position=&#8221;center center&#8221; bg_repeat=&#8221;no-repeat&#8221; scene_position=&#8221;center&#8221; text_color=&#8221;light&#8221; text_align=&#8221;left&#8221; top_padding=&#8221;4%&#8221; bottom_padding=&#8221;4%&#8221; overlay_strength=&#8221;0.3&#8243; shape_divider_position=&#8221;bottom&#8221; shape_type=&#8221;&#8221;][vc_column...\" \/>\n<meta property=\"og:url\" content=\"https:\/\/salmonfarm.fi\/sv\/produkter\" \/>\n<meta property=\"og:site_name\" content=\"Salmonfarm\" \/>\n<meta property=\"article:modified_time\" content=\"2018-08-15T08:16:13+00:00\" \/>\n<meta name=\"twitter:card\" content=\"summary_large_image\" \/>\n<meta name=\"twitter:label1\" content=\"Ber\u00e4knad l\u00e4stid\" \/>\n\t<meta name=\"twitter:data1\" content=\"7 minuter\" \/>\n<script type=\"application\/ld+json\" class=\"yoast-schema-graph\">{\"@context\":\"https:\\\/\\\/schema.org\",\"@graph\":[{\"@type\":\"WebPage\",\"@id\":\"https:\\\/\\\/salmonfarm.fi\\\/sv\\\/produkter\",\"url\":\"https:\\\/\\\/salmonfarm.fi\\\/sv\\\/produkter\",\"name\":\"Produkter - Salmonfarm\",\"isPartOf\":{\"@id\":\"https:\\\/\\\/salmonfarm.fi\\\/#website\"},\"datePublished\":\"2018-05-25T11:39:26+00:00\",\"dateModified\":\"2018-08-15T08:16:13+00:00\",\"breadcrumb\":{\"@id\":\"https:\\\/\\\/salmonfarm.fi\\\/sv\\\/produkter#breadcrumb\"},\"inLanguage\":\"sv-SE\",\"potentialAction\":[{\"@type\":\"ReadAction\",\"target\":[\"https:\\\/\\\/salmonfarm.fi\\\/sv\\\/produkter\"]}]},{\"@type\":\"BreadcrumbList\",\"@id\":\"https:\\\/\\\/salmonfarm.fi\\\/sv\\\/produkter#breadcrumb\",\"itemListElement\":[{\"@type\":\"ListItem\",\"position\":1,\"name\":\"Home\",\"item\":\"https:\\\/\\\/salmonfarm.fi\\\/sv\"},{\"@type\":\"ListItem\",\"position\":2,\"name\":\"Produkter\"}]},{\"@type\":\"WebSite\",\"@id\":\"https:\\\/\\\/salmonfarm.fi\\\/#website\",\"url\":\"https:\\\/\\\/salmonfarm.fi\\\/\",\"name\":\"Salmonfarm\",\"description\":\"Tuoretta kalaa suurkeitti&ouml;ihin\",\"publisher\":{\"@id\":\"https:\\\/\\\/salmonfarm.fi\\\/#organization\"},\"potentialAction\":[{\"@type\":\"SearchAction\",\"target\":{\"@type\":\"EntryPoint\",\"urlTemplate\":\"https:\\\/\\\/salmonfarm.fi\\\/?s={search_term_string}\"},\"query-input\":{\"@type\":\"PropertyValueSpecification\",\"valueRequired\":true,\"valueName\":\"search_term_string\"}}],\"inLanguage\":\"sv-SE\"},{\"@type\":\"Organization\",\"@id\":\"https:\\\/\\\/salmonfarm.fi\\\/#organization\",\"name\":\"Oy Salmonfarm Ab\",\"url\":\"https:\\\/\\\/salmonfarm.fi\\\/\",\"logo\":{\"@type\":\"ImageObject\",\"inLanguage\":\"sv-SE\",\"@id\":\"https:\\\/\\\/salmonfarm.fi\\\/#\\\/schema\\\/logo\\\/image\\\/\",\"url\":\"https:\\\/\\\/salmonfarm.fi\\\/wp-content\\\/uploads\\\/2018\\\/05\\\/salmonfarm_logo_300.png\",\"contentUrl\":\"https:\\\/\\\/salmonfarm.fi\\\/wp-content\\\/uploads\\\/2018\\\/05\\\/salmonfarm_logo_300.png\",\"width\":300,\"height\":57,\"caption\":\"Oy Salmonfarm Ab\"},\"image\":{\"@id\":\"https:\\\/\\\/salmonfarm.fi\\\/#\\\/schema\\\/logo\\\/image\\\/\"}}]}<\/script>\n<!-- \/ Yoast SEO plugin. -->","yoast_head_json":{"title":"Produkter - Salmonfarm","robots":{"index":"index","follow":"follow","max-snippet":"max-snippet:-1","max-image-preview":"max-image-preview:large","max-video-preview":"max-video-preview:-1"},"canonical":"https:\/\/salmonfarm.fi\/sv\/produkter","og_locale":"sv_SE","og_type":"article","og_title":"Produkter - Salmonfarm","og_description":"[vc_row type=&#8221;full_width_background&#8221; full_screen_row_position=&#8221;middle&#8221; bg_image=&#8221;1132&#8243; bg_position=&#8221;center center&#8221; bg_repeat=&#8221;no-repeat&#8221; scene_position=&#8221;center&#8221; text_color=&#8221;light&#8221; text_align=&#8221;left&#8221; top_padding=&#8221;4%&#8221; bottom_padding=&#8221;4%&#8221; overlay_strength=&#8221;0.3&#8243; shape_divider_position=&#8221;bottom&#8221; shape_type=&#8221;&#8221;][vc_column...","og_url":"https:\/\/salmonfarm.fi\/sv\/produkter","og_site_name":"Salmonfarm","article_modified_time":"2018-08-15T08:16:13+00:00","twitter_card":"summary_large_image","twitter_misc":{"Ber\u00e4knad l\u00e4stid":"7 minuter"},"schema":{"@context":"https:\/\/schema.org","@graph":[{"@type":"WebPage","@id":"https:\/\/salmonfarm.fi\/sv\/produkter","url":"https:\/\/salmonfarm.fi\/sv\/produkter","name":"Produkter - Salmonfarm","isPartOf":{"@id":"https:\/\/salmonfarm.fi\/#website"},"datePublished":"2018-05-25T11:39:26+00:00","dateModified":"2018-08-15T08:16:13+00:00","breadcrumb":{"@id":"https:\/\/salmonfarm.fi\/sv\/produkter#breadcrumb"},"inLanguage":"sv-SE","potentialAction":[{"@type":"ReadAction","target":["https:\/\/salmonfarm.fi\/sv\/produkter"]}]},{"@type":"BreadcrumbList","@id":"https:\/\/salmonfarm.fi\/sv\/produkter#breadcrumb","itemListElement":[{"@type":"ListItem","position":1,"name":"Home","item":"https:\/\/salmonfarm.fi\/sv"},{"@type":"ListItem","position":2,"name":"Produkter"}]},{"@type":"WebSite","@id":"https:\/\/salmonfarm.fi\/#website","url":"https:\/\/salmonfarm.fi\/","name":"Salmonfarm","description":"Tuoretta kalaa suurkeitti&ouml;ihin","publisher":{"@id":"https:\/\/salmonfarm.fi\/#organization"},"potentialAction":[{"@type":"SearchAction","target":{"@type":"EntryPoint","urlTemplate":"https:\/\/salmonfarm.fi\/?s={search_term_string}"},"query-input":{"@type":"PropertyValueSpecification","valueRequired":true,"valueName":"search_term_string"}}],"inLanguage":"sv-SE"},{"@type":"Organization","@id":"https:\/\/salmonfarm.fi\/#organization","name":"Oy Salmonfarm Ab","url":"https:\/\/salmonfarm.fi\/","logo":{"@type":"ImageObject","inLanguage":"sv-SE","@id":"https:\/\/salmonfarm.fi\/#\/schema\/logo\/image\/","url":"https:\/\/salmonfarm.fi\/wp-content\/uploads\/2018\/05\/salmonfarm_logo_300.png","contentUrl":"https:\/\/salmonfarm.fi\/wp-content\/uploads\/2018\/05\/salmonfarm_logo_300.png","width":300,"height":57,"caption":"Oy Salmonfarm Ab"},"image":{"@id":"https:\/\/salmonfarm.fi\/#\/schema\/logo\/image\/"}}]}},"_links":{"self":[{"href":"https:\/\/salmonfarm.fi\/sv\/wp-json\/wp\/v2\/pages\/1557","targetHints":{"allow":["GET"]}}],"collection":[{"href":"https:\/\/salmonfarm.fi\/sv\/wp-json\/wp\/v2\/pages"}],"about":[{"href":"https:\/\/salmonfarm.fi\/sv\/wp-json\/wp\/v2\/types\/page"}],"author":[{"embeddable":true,"href":"https:\/\/salmonfarm.fi\/sv\/wp-json\/wp\/v2\/users\/3"}],"replies":[{"embeddable":true,"href":"https:\/\/salmonfarm.fi\/sv\/wp-json\/wp\/v2\/comments?post=1557"}],"version-history":[{"count":5,"href":"https:\/\/salmonfarm.fi\/sv\/wp-json\/wp\/v2\/pages\/1557\/revisions"}],"predecessor-version":[{"id":1934,"href":"https:\/\/salmonfarm.fi\/sv\/wp-json\/wp\/v2\/pages\/1557\/revisions\/1934"}],"wp:attachment":[{"href":"https:\/\/salmonfarm.fi\/sv\/wp-json\/wp\/v2\/media?parent=1557"}],"curies":[{"name":"wp","href":"https:\/\/api.w.org\/{rel}","templated":true}]}}