{"id":1542,"date":"2018-05-25T15:36:14","date_gmt":"2018-05-25T12:36:14","guid":{"rendered":"http:\/\/salmonfarm.fi\/tietosuojaseloste"},"modified":"2018-06-27T12:49:51","modified_gmt":"2018-06-27T09:49:51","slug":"dataskyddsbeskrivning","status":"publish","type":"page","link":"https:\/\/salmonfarm.fi\/sv\/dataskyddsbeskrivning","title":{"rendered":"Dataskyddsbeskrivning"},"content":{"rendered":"[vc_row type=&#8221;in_container&#8221; full_screen_row_position=&#8221;middle&#8221; scene_position=&#8221;center&#8221; text_color=&#8221;dark&#8221; text_align=&#8221;left&#8221; top_padding=&#8221;3%&#8221; bottom_padding=&#8221;3%&#8221; overlay_strength=&#8221;0.3&#8243; shape_divider_position=&#8221;bottom&#8221; shape_type=&#8221;&#8221;][vc_column column_padding=&#8221;padding-10-percent&#8221; column_padding_position=&#8221;left-right&#8221; background_color_opacity=&#8221;1&#8243; background_hover_color_opacity=&#8221;1&#8243; font_color=&#8221;#212a72&#8243; column_shadow=&#8221;none&#8221; column_border_radius=&#8221;none&#8221; width=&#8221;1\/1&#8243; tablet_text_alignment=&#8221;default&#8221; phone_text_alignment=&#8221;default&#8221; column_border_width=&#8221;none&#8221; column_border_style=&#8221;solid&#8221;][vc_column_text]\n<h4><span style=\"color: #212a72;\">Ab Salmonfarm Oy dataskyddsbeskrivning<\/span><\/h4>\n[\/vc_column_text][divider line_type=&#8221;No Line&#8221; custom_height=&#8221;30&#8243;][vc_column_text]<strong>Registeransvarig<\/strong><\/p>\n<p>Ab Salmonfarm Oy (FO-nummer 0700980\u20139)<\/p>\n<p>Kasn\u00e4sv\u00e4gen 1294, 25930 Kasn\u00e4s<\/p>\n<p>Telefonnummer: 02 521 0180 (v\u00e4xel)<\/p>\n<p>E-post: info@salmonfarm.fi<\/p>\n<p>Hemsidor: www.salmonfarm.fi<\/p>\n<p>&nbsp;<\/p>\n<p><strong>Kontaktperson<\/strong><\/p>\n<p>Ida Gustafsson, ekonomi- och personalchef<\/p>\n<p>Ab Salmonfarm Oy<br \/>\nE-post: <a href=\"mailto:ida.gustafsson@salmonfarm.fi\">ida.gustafsson@salmonfarm.fi<\/a><br \/>\nTelefonnummer: 044\u00a0219 3959<\/p>\n<p>&nbsp;<\/p>\n<p><strong>Registrets namn<\/strong><\/p>\n<p>Salmonfarm kund- och f\u00f6retagsregister<\/p>\n<p>&nbsp;<\/p>\n<p><strong>\u00c4ndam\u00e5l och r\u00e4ttslig grund f\u00f6r behandlingen av personuppgifterna<\/strong><\/p>\n<p>Kund- och f\u00f6retagsregistrets information anv\u00e4nds f\u00f6r att hantera, underh\u00e5lla och utveckla kundrelationer, genomf\u00f6ra marknadsunders\u00f6kningar, tillhandah\u00e5lla och producera tj\u00e4nster, aff\u00e4rsplanering och -utveckling samt till Ab Salmonfarm Oy:s kommunikation- och marknadsf\u00f6ring.<\/p>\n<p>&nbsp;<\/p>\n<p><strong>Registrets personkategorier samt datainneh\u00e5ll och personuppgiftskategorier<\/strong><\/p>\n<p>G\u00e4llande f\u00f6retagskunder kommer f\u00f6ljande information att finnas tillg\u00e4nglig f\u00f6r Ab Salmonfarm Oy, om de har varit tillg\u00e4ngliga:<\/p>\n<ul>\n<li>namn, adress, f\u00f6retagsnamn, e-postadress, telefonnummer<\/li>\n<li>kundsegment samt m\u00f6jliga produkt- och tj\u00e4nstebeskrivningar<\/li>\n<li>antal anst\u00e4llda, oms\u00e4ttningsklass<\/li>\n<li>information om anv\u00e4ndningen av tj\u00e4nster: t.ex. anv\u00e4ndning av tj\u00e4nster<\/li>\n<li>kundrespons: kundtillfredsst\u00e4lle, kommentarer om registerh\u00e5llarens tj\u00e4nster samt annan information \u00a0\u00a0som erh\u00e5llits med kundens samtycke<\/li>\n<li>eventuell information g\u00e4llande fakturering- och indrivning<\/li>\n<\/ul>\n<p>&nbsp;<\/p>\n<p>G\u00e4llande personkunder kommer f\u00f6ljande information att finnas tillg\u00e4nglig f\u00f6r Ab Salmonfarm Oy, om de har varit tillg\u00e4ngliga:<\/p>\n<ul>\n<li>namn, f\u00f6delsedatum, k\u00f6n, modersm\u00e5l, bos\u00e4ttningskommun och -land<\/li>\n<li>kontakter till f\u00f6retag, utvecklingsprojekt eller organisationer<\/li>\n<li>kontaktuppgifter (e-postadress, adress, telefonnummer, fax, e-faktura)<\/li>\n<li>information g\u00e4llande kundrespons och reklamationer<\/li>\n<li>fakturor och deras betalningsstatus<\/li>\n<li>offererade och genomf\u00f6rda tj\u00e4nster<\/li>\n<li>dokument och e-post som \u00f6verl\u00e5tits av kunden<\/li>\n<li>deltagande i Ab Salmonfarm Oy:s evenemang<\/li>\n<li>marknadsf\u00f6ring och kundkommunikation samt information om n\u00e4r man varit i kontakt<\/li>\n<\/ul>\n<p>&nbsp;<\/p>\n<p><strong>Regelm\u00e4ssiga uppgiftsk\u00e4llor<\/strong><\/p>\n<p>Registret uppdateras under kundrelationen med information som f\u00e5s och samlas in av kund. F\u00f6retagsinformation samlas, lagras och uppdateras fr\u00e5n Handelsregistret. Registerinformation samlas ocks\u00e5 in fr\u00e5n f\u00f6retagens webbplatser, mottagna e-postmeddelanden, fr\u00e5n blanketter som Ab Salmonfarm Oy och dess samarbetspartner samlar p\u00e5 webbplatser, samt information som samlas p\u00e5 olika kund-, handels- och marknadsf\u00f6ringsevenemang. F\u00f6retags- och personuppgifter kan ocks\u00e5 samlas in, lagras och uppdateras fr\u00e5n befolkningsregistercentralen och fr\u00e5n andra register som tillhandah\u00e5ller liknande tj\u00e4nster.<\/p>\n<p><strong>\u00a0<\/strong><\/p>\n<p><strong>Regelm\u00e4ssigt utl\u00e4mnande av uppgifter<\/strong><\/p>\n<p>Registeruppgifter kan delas ut inom organisationen samt till intressenter g\u00e4llande evenemang. Dessutom \u00f6verf\u00f6rs registeruppgifterna till den inom organisationen avsedda handl\u00e4ggaren av personuppgifter. Uppgifterna \u00f6verf\u00f6rs inte utanf\u00f6r EU eller EES. En tredje part har endast tillg\u00e5ng till information f\u00f6r underh\u00e5ll av system. Av tredje parter kr\u00e4vs konfidentialitet och anv\u00e4ndningsr\u00e4tten till uppgifterna \u00f6verl\u00e4mnas ej.<\/p>\n<p>G\u00e4llande f\u00f6retagsuppgifter kan uppgifter i enlighet med Handelsregistret \u00f6verl\u00e4mnas. Uppgifter s\u00e5som f\u00f6retagsnamn och kontaktuppgifter, FO-nummer, hemort och -kommun, post- och bes\u00f6ksadress, samt \u00f6vriga kontaktuppgifter, huvudbransch och f\u00f6retagsform. Uppgifterna i registret kan \u00f6verl\u00e5tas vidare p\u00e5 uppdrag av registerh\u00e5llaren f\u00f6r betalningsr\u00f6relse, behandling av information samt av andra j\u00e4mf\u00f6rbara orsaker.<\/p>\n<p>Ab Salmonfarm Oy har r\u00e4tt att anv\u00e4nda och \u00f6verl\u00e5ta registrerade adressuppgifter till direktmarknadsf\u00f6ring, distansf\u00f6rs\u00e4ljning och annan direktmarknadsf\u00f6ring, samt f\u00f6r marknads- och opinionsunders\u00f6kningar s\u00e5vida kunden inte nekar detta. F\u00f6rbud kan uppr\u00e4ttas genom att kontakta registerh\u00e5llaren.<\/p>\n<p>&nbsp;<\/p>\n<p><strong>Principer f\u00f6r skyddet av registret<\/strong><\/p>\n<p>Uppgifterna bevaras under beskydd. Fysiskt tilltr\u00e4de till uppgifterna har f\u00f6rhindrats genom passagekontroll samt med hj\u00e4lp av andra s\u00e4kerhets\u00e5tg\u00e4rder. Tillg\u00e5ng till uppgifterna kr\u00e4ver tillr\u00e4ckliga r\u00e4ttigheter. Obeh\u00f6rig tillg\u00e5ng f\u00f6rhindras ocks\u00e5 med hj\u00e4lp av bl.a. brandmurar och tekniskt skydd. Endast den registeransvarige och s\u00e4rskilt utn\u00e4mnda tekniska personer har tillg\u00e5ng till registeruppgifterna. Anv\u00e4ndarna har tystnadsplikt.<\/p>\n<p>Informationen f\u00f6rvaras p\u00e5 en n\u00e4tverksserver som \u00e4r skyddad och avsedd f\u00f6r Ab Salmonfarm Oy:s personal.<\/p>\n<p>&nbsp;<\/p>\n<p><strong>Den registrerades r\u00e4ttigheter<\/strong><\/p>\n<p>En person som finns i registret har bland annat r\u00e4tt att:<\/p>\n<ul>\n<li>beg\u00e4ra tillg\u00e5ng till personuppgifter som g\u00e4ller honom eller henne sj\u00e4lv<\/li>\n<li>erh\u00e5lla information om f\u00f6rvaringstiden f\u00f6r uppgifterna eller grunden f\u00f6r den<\/li>\n<li>be om korrigering eller radering<\/li>\n<li>be om begr\u00e4nsad hantering av uppgifterna i fr\u00e5ga eller mots\u00e4tta sig hantering av uppgifterna<\/li>\n<li>\u00f6verf\u00f6ra uppgifterna fr\u00e5n ett system till ett annat<\/li>\n<li>\u00e5terkalla sitt samtycke, n\u00e4r hanteringen av uppgifterna baserar sig p\u00e5 samtycke<\/li>\n<li>f\u00e5 veta om givandet av personuppgifterna \u00e4r lagstadgat eller baserar sej p\u00e5 ett avtal eller fordras f\u00f6r ing\u00e5ende av avtal, samt om den registrerade m\u00e5ste ge dessa uppgifter och vilka f\u00f6ljderna \u00e4r, om uppgifterna inte ges<\/li>\n<li>anf\u00f6ra besv\u00e4r hos tillsynsmyndigheten<\/li>\n<\/ul>\n<p>F\u00f6rfr\u00e5gningar skall g\u00f6ras skriftligen och adresseras till registerh\u00e5llaren via e-post till <a href=\"mailto:tiedustelut@kasnas.com\">tiedustelut@kasnas.com<\/a> eller per post till: Ida Gustafsson Ab Salmonfarm Oy, Kasn\u00e4sv\u00e4gen 1294, 25930 Kasn\u00e4s[\/vc_column_text][\/vc_column][\/vc_row]\n","protected":false},"excerpt":{"rendered":"<p>[vc_row type=&#8221;in_container&#8221; full_screen_row_position=&#8221;middle&#8221; scene_position=&#8221;center&#8221; text_color=&#8221;dark&#8221; text_align=&#8221;left&#8221; top_padding=&#8221;3%&#8221; bottom_padding=&#8221;3%&#8221; overlay_strength=&#8221;0.3&#8243; shape_divider_position=&#8221;bottom&#8221; shape_type=&#8221;&#8221;][vc_column column_padding=&#8221;padding-10-percent&#8221; column_padding_position=&#8221;left-right&#8221; background_color_opacity=&#8221;1&#8243; background_hover_color_opacity=&#8221;1&#8243;&#8230;<\/p>\n","protected":false},"author":3,"featured_media":0,"parent":0,"menu_order":0,"comment_status":"closed","ping_status":"closed","template":"","meta":{"footnotes":""},"class_list":["post-1542","page","type-page","status-publish"],"yoast_head":"<!-- This site is optimized with the Yoast SEO plugin v27.5 - https:\/\/yoast.com\/product\/yoast-seo-wordpress\/ -->\n<title>Dataskyddsbeskrivning - Salmonfarm<\/title>\n<meta name=\"robots\" content=\"index, follow, max-snippet:-1, max-image-preview:large, max-video-preview:-1\" \/>\n<link rel=\"canonical\" href=\"https:\/\/salmonfarm.fi\/sv\/dataskyddsbeskrivning\" \/>\n<meta property=\"og:locale\" content=\"sv_SE\" \/>\n<meta property=\"og:type\" content=\"article\" \/>\n<meta property=\"og:title\" content=\"Dataskyddsbeskrivning - Salmonfarm\" \/>\n<meta property=\"og:description\" content=\"[vc_row type=&#8221;in_container&#8221; full_screen_row_position=&#8221;middle&#8221; scene_position=&#8221;center&#8221; text_color=&#8221;dark&#8221; text_align=&#8221;left&#8221; top_padding=&#8221;3%&#8221; bottom_padding=&#8221;3%&#8221; overlay_strength=&#8221;0.3&#8243; shape_divider_position=&#8221;bottom&#8221; shape_type=&#8221;&#8221;][vc_column column_padding=&#8221;padding-10-percent&#8221; column_padding_position=&#8221;left-right&#8221; background_color_opacity=&#8221;1&#8243; background_hover_color_opacity=&#8221;1&#8243;...\" \/>\n<meta property=\"og:url\" content=\"https:\/\/salmonfarm.fi\/sv\/dataskyddsbeskrivning\" \/>\n<meta property=\"og:site_name\" content=\"Salmonfarm\" \/>\n<meta property=\"article:modified_time\" content=\"2018-06-27T09:49:51+00:00\" \/>\n<meta name=\"twitter:card\" content=\"summary_large_image\" \/>\n<meta name=\"twitter:label1\" content=\"Ber\u00e4knad l\u00e4stid\" \/>\n\t<meta name=\"twitter:data1\" content=\"5 minuter\" \/>\n<script type=\"application\/ld+json\" class=\"yoast-schema-graph\">{\"@context\":\"https:\\\/\\\/schema.org\",\"@graph\":[{\"@type\":\"WebPage\",\"@id\":\"https:\\\/\\\/salmonfarm.fi\\\/sv\\\/dataskyddsbeskrivning\",\"url\":\"https:\\\/\\\/salmonfarm.fi\\\/sv\\\/dataskyddsbeskrivning\",\"name\":\"Dataskyddsbeskrivning - Salmonfarm\",\"isPartOf\":{\"@id\":\"https:\\\/\\\/salmonfarm.fi\\\/#website\"},\"datePublished\":\"2018-05-25T12:36:14+00:00\",\"dateModified\":\"2018-06-27T09:49:51+00:00\",\"breadcrumb\":{\"@id\":\"https:\\\/\\\/salmonfarm.fi\\\/sv\\\/dataskyddsbeskrivning#breadcrumb\"},\"inLanguage\":\"sv-SE\",\"potentialAction\":[{\"@type\":\"ReadAction\",\"target\":[\"https:\\\/\\\/salmonfarm.fi\\\/sv\\\/dataskyddsbeskrivning\"]}]},{\"@type\":\"BreadcrumbList\",\"@id\":\"https:\\\/\\\/salmonfarm.fi\\\/sv\\\/dataskyddsbeskrivning#breadcrumb\",\"itemListElement\":[{\"@type\":\"ListItem\",\"position\":1,\"name\":\"Home\",\"item\":\"https:\\\/\\\/salmonfarm.fi\\\/sv\"},{\"@type\":\"ListItem\",\"position\":2,\"name\":\"Dataskyddsbeskrivning\"}]},{\"@type\":\"WebSite\",\"@id\":\"https:\\\/\\\/salmonfarm.fi\\\/#website\",\"url\":\"https:\\\/\\\/salmonfarm.fi\\\/\",\"name\":\"Salmonfarm\",\"description\":\"Tuoretta kalaa suurkeitti&ouml;ihin\",\"publisher\":{\"@id\":\"https:\\\/\\\/salmonfarm.fi\\\/#organization\"},\"potentialAction\":[{\"@type\":\"SearchAction\",\"target\":{\"@type\":\"EntryPoint\",\"urlTemplate\":\"https:\\\/\\\/salmonfarm.fi\\\/?s={search_term_string}\"},\"query-input\":{\"@type\":\"PropertyValueSpecification\",\"valueRequired\":true,\"valueName\":\"search_term_string\"}}],\"inLanguage\":\"sv-SE\"},{\"@type\":\"Organization\",\"@id\":\"https:\\\/\\\/salmonfarm.fi\\\/#organization\",\"name\":\"Oy Salmonfarm Ab\",\"url\":\"https:\\\/\\\/salmonfarm.fi\\\/\",\"logo\":{\"@type\":\"ImageObject\",\"inLanguage\":\"sv-SE\",\"@id\":\"https:\\\/\\\/salmonfarm.fi\\\/#\\\/schema\\\/logo\\\/image\\\/\",\"url\":\"https:\\\/\\\/salmonfarm.fi\\\/wp-content\\\/uploads\\\/2018\\\/05\\\/salmonfarm_logo_300.png\",\"contentUrl\":\"https:\\\/\\\/salmonfarm.fi\\\/wp-content\\\/uploads\\\/2018\\\/05\\\/salmonfarm_logo_300.png\",\"width\":300,\"height\":57,\"caption\":\"Oy Salmonfarm Ab\"},\"image\":{\"@id\":\"https:\\\/\\\/salmonfarm.fi\\\/#\\\/schema\\\/logo\\\/image\\\/\"}}]}<\/script>\n<!-- \/ Yoast SEO plugin. -->","yoast_head_json":{"title":"Dataskyddsbeskrivning - Salmonfarm","robots":{"index":"index","follow":"follow","max-snippet":"max-snippet:-1","max-image-preview":"max-image-preview:large","max-video-preview":"max-video-preview:-1"},"canonical":"https:\/\/salmonfarm.fi\/sv\/dataskyddsbeskrivning","og_locale":"sv_SE","og_type":"article","og_title":"Dataskyddsbeskrivning - Salmonfarm","og_description":"[vc_row type=&#8221;in_container&#8221; full_screen_row_position=&#8221;middle&#8221; scene_position=&#8221;center&#8221; text_color=&#8221;dark&#8221; text_align=&#8221;left&#8221; top_padding=&#8221;3%&#8221; bottom_padding=&#8221;3%&#8221; overlay_strength=&#8221;0.3&#8243; shape_divider_position=&#8221;bottom&#8221; shape_type=&#8221;&#8221;][vc_column column_padding=&#8221;padding-10-percent&#8221; column_padding_position=&#8221;left-right&#8221; background_color_opacity=&#8221;1&#8243; background_hover_color_opacity=&#8221;1&#8243;...","og_url":"https:\/\/salmonfarm.fi\/sv\/dataskyddsbeskrivning","og_site_name":"Salmonfarm","article_modified_time":"2018-06-27T09:49:51+00:00","twitter_card":"summary_large_image","twitter_misc":{"Ber\u00e4knad l\u00e4stid":"5 minuter"},"schema":{"@context":"https:\/\/schema.org","@graph":[{"@type":"WebPage","@id":"https:\/\/salmonfarm.fi\/sv\/dataskyddsbeskrivning","url":"https:\/\/salmonfarm.fi\/sv\/dataskyddsbeskrivning","name":"Dataskyddsbeskrivning - Salmonfarm","isPartOf":{"@id":"https:\/\/salmonfarm.fi\/#website"},"datePublished":"2018-05-25T12:36:14+00:00","dateModified":"2018-06-27T09:49:51+00:00","breadcrumb":{"@id":"https:\/\/salmonfarm.fi\/sv\/dataskyddsbeskrivning#breadcrumb"},"inLanguage":"sv-SE","potentialAction":[{"@type":"ReadAction","target":["https:\/\/salmonfarm.fi\/sv\/dataskyddsbeskrivning"]}]},{"@type":"BreadcrumbList","@id":"https:\/\/salmonfarm.fi\/sv\/dataskyddsbeskrivning#breadcrumb","itemListElement":[{"@type":"ListItem","position":1,"name":"Home","item":"https:\/\/salmonfarm.fi\/sv"},{"@type":"ListItem","position":2,"name":"Dataskyddsbeskrivning"}]},{"@type":"WebSite","@id":"https:\/\/salmonfarm.fi\/#website","url":"https:\/\/salmonfarm.fi\/","name":"Salmonfarm","description":"Tuoretta kalaa suurkeitti&ouml;ihin","publisher":{"@id":"https:\/\/salmonfarm.fi\/#organization"},"potentialAction":[{"@type":"SearchAction","target":{"@type":"EntryPoint","urlTemplate":"https:\/\/salmonfarm.fi\/?s={search_term_string}"},"query-input":{"@type":"PropertyValueSpecification","valueRequired":true,"valueName":"search_term_string"}}],"inLanguage":"sv-SE"},{"@type":"Organization","@id":"https:\/\/salmonfarm.fi\/#organization","name":"Oy Salmonfarm Ab","url":"https:\/\/salmonfarm.fi\/","logo":{"@type":"ImageObject","inLanguage":"sv-SE","@id":"https:\/\/salmonfarm.fi\/#\/schema\/logo\/image\/","url":"https:\/\/salmonfarm.fi\/wp-content\/uploads\/2018\/05\/salmonfarm_logo_300.png","contentUrl":"https:\/\/salmonfarm.fi\/wp-content\/uploads\/2018\/05\/salmonfarm_logo_300.png","width":300,"height":57,"caption":"Oy Salmonfarm Ab"},"image":{"@id":"https:\/\/salmonfarm.fi\/#\/schema\/logo\/image\/"}}]}},"_links":{"self":[{"href":"https:\/\/salmonfarm.fi\/sv\/wp-json\/wp\/v2\/pages\/1542","targetHints":{"allow":["GET"]}}],"collection":[{"href":"https:\/\/salmonfarm.fi\/sv\/wp-json\/wp\/v2\/pages"}],"about":[{"href":"https:\/\/salmonfarm.fi\/sv\/wp-json\/wp\/v2\/types\/page"}],"author":[{"embeddable":true,"href":"https:\/\/salmonfarm.fi\/sv\/wp-json\/wp\/v2\/users\/3"}],"replies":[{"embeddable":true,"href":"https:\/\/salmonfarm.fi\/sv\/wp-json\/wp\/v2\/comments?post=1542"}],"version-history":[{"count":3,"href":"https:\/\/salmonfarm.fi\/sv\/wp-json\/wp\/v2\/pages\/1542\/revisions"}],"predecessor-version":[{"id":1868,"href":"https:\/\/salmonfarm.fi\/sv\/wp-json\/wp\/v2\/pages\/1542\/revisions\/1868"}],"wp:attachment":[{"href":"https:\/\/salmonfarm.fi\/sv\/wp-json\/wp\/v2\/media?parent=1542"}],"curies":[{"name":"wp","href":"https:\/\/api.w.org\/{rel}","templated":true}]}}